{"id":216,"date":"2025-01-19T14:37:33","date_gmt":"2025-01-19T14:37:33","guid":{"rendered":"https:\/\/derelimaden.com\/wp\/?page_id=216"},"modified":"2025-02-13T15:29:13","modified_gmt":"2025-02-13T15:29:13","slug":"dolomite","status":"publish","type":"page","link":"https:\/\/derelimaden.com\/tr\/dolomite\/","title":{"rendered":"Dolomit"},"content":{"rendered":"<div data-elementor-type=\"wp-page\" data-elementor-id=\"216\" class=\"elementor elementor-216\" data-elementor-post-type=\"page\">\n\t\t\t\t<div class=\"elementor-element elementor-element-290c050 e-flex e-con-boxed e-con e-parent\" data-id=\"290c050\" data-element_type=\"container\">\n\t\t\t\t\t<div class=\"e-con-inner\">\n\t\t\t\t<div class=\"elementor-element elementor-element-87d2a18 elementor-widget elementor-widget-heading\" data-id=\"87d2a18\" data-element_type=\"widget\" data-widget_type=\"heading.default\">\n\t\t\t\t<div class=\"elementor-widget-container\">\n\t\t\t\t\t<h1 class=\"elementor-heading-title elementor-size-default\">CaMg(CO\u2083)\u2082  -  Dolomit<\/h1>\t\t\t\t<\/div>\n\t\t\t\t<\/div>\n\t\t<div class=\"elementor-element elementor-element-d5e2b20 e-con-full e-flex e-con e-child\" data-id=\"d5e2b20\" data-element_type=\"container\">\n\t\t\t\t<div class=\"elementor-element elementor-element-60d7871 elementor-widget elementor-widget-button\" data-id=\"60d7871\" data-element_type=\"widget\" data-widget_type=\"button.default\">\n\t\t\t\t<div class=\"elementor-widget-container\">\n\t\t\t\t\t\t\t\t\t<div class=\"elementor-button-wrapper\">\n\t\t\t\t\t<a class=\"elementor-button elementor-button-link elementor-size-sm\" href=\"https:\/\/derelimaden.com\/wp-content\/uploads\/2025\/01\/dolomiteN.pdf\">\n\t\t\t\t\t\t<span class=\"elementor-button-content-wrapper\">\n\t\t\t\t\t\t\t\t\t<span class=\"elementor-button-text\">Analizi indir<\/span>\n\t\t\t\t\t<\/span>\n\t\t\t\t\t<\/a>\n\t\t\t\t<\/div>\n\t\t\t\t\t\t\t\t<\/div>\n\t\t\t\t<\/div>\n\t\t\t\t<\/div>\n\t\t\t\t\t<\/div>\n\t\t\t\t<\/div>\n\t\t<div class=\"elementor-element elementor-element-9ddc22c e-flex e-con-boxed e-con e-parent\" data-id=\"9ddc22c\" data-element_type=\"container\" data-settings=\"{&quot;background_background&quot;:&quot;classic&quot;}\">\n\t\t\t\t\t<div class=\"e-con-inner\">\n\t\t<div class=\"elementor-element elementor-element-f8d2526 e-con-full e-flex e-con e-child\" data-id=\"f8d2526\" data-element_type=\"container\">\n\t\t\t\t<div class=\"elementor-element elementor-element-c6e0478 elementor-invisible elementor-widget elementor-widget-heading\" data-id=\"c6e0478\" data-element_type=\"widget\" data-settings=\"{&quot;_animation&quot;:&quot;fadeIn&quot;}\" data-widget_type=\"heading.default\">\n\t\t\t\t<div class=\"elementor-widget-container\">\n\t\t\t\t\t<h2 class=\"elementor-heading-title elementor-size-default\">12-16 mm<\/h2>\t\t\t\t<\/div>\n\t\t\t\t<\/div>\n\t\t\t\t<div class=\"elementor-element elementor-element-2858928 elementor-widget elementor-widget-image\" data-id=\"2858928\" data-element_type=\"widget\" data-widget_type=\"image.default\">\n\t\t\t\t<div class=\"elementor-widget-container\">\n\t\t\t\t\t\t\t\t\t\t\t\t\t\t\t<img decoding=\"async\" src=\"https:\/\/derelimaden.com\/wp-content\/uploads\/elementor\/thumbs\/12-16-mm-dolomit-r08p8sz5m8rl9yuzw1olddsaf4dcrqs433gs0olfuw.jpg\" title=\"12-16 mm dolomit\" alt=\"12-16 mm dolomit\" loading=\"lazy\" \/>\t\t\t\t\t\t\t\t\t\t\t\t\t\t\t<\/div>\n\t\t\t\t<\/div>\n\t\t\t\t<\/div>\n\t\t<div class=\"elementor-element elementor-element-6aaf892 e-con-full e-flex e-con e-child\" data-id=\"6aaf892\" data-element_type=\"container\">\n\t\t\t\t<div class=\"elementor-element elementor-element-f543b39 elementor-invisible elementor-widget elementor-widget-heading\" data-id=\"f543b39\" data-element_type=\"widget\" data-settings=\"{&quot;_animation&quot;:&quot;fadeIn&quot;}\" data-widget_type=\"heading.default\">\n\t\t\t\t<div class=\"elementor-widget-container\">\n\t\t\t\t\t<h2 class=\"elementor-heading-title elementor-size-default\">20-70 mm<\/h2>\t\t\t\t<\/div>\n\t\t\t\t<\/div>\n\t\t\t\t<div class=\"elementor-element elementor-element-456ae64 elementor-widget elementor-widget-image\" data-id=\"456ae64\" data-element_type=\"widget\" data-widget_type=\"image.default\">\n\t\t\t\t<div class=\"elementor-widget-container\">\n\t\t\t\t\t\t\t\t\t\t\t\t\t\t\t<img decoding=\"async\" src=\"https:\/\/derelimaden.com\/wp-content\/uploads\/elementor\/thumbs\/20-70-mm-dolomit-r08p8p7suwmfzj0gi0233eqg1kvvwyd6qkuu3kr0js.jpg\" title=\"20-70 mm dolomit\" alt=\"20-70 mm dolomit\" loading=\"lazy\" \/>\t\t\t\t\t\t\t\t\t\t\t\t\t\t\t<\/div>\n\t\t\t\t<\/div>\n\t\t\t\t<\/div>\n\t\t<div class=\"elementor-element elementor-element-c765d82 e-con-full e-flex e-con e-child\" data-id=\"c765d82\" data-element_type=\"container\">\n\t\t\t\t<div class=\"elementor-element elementor-element-58c8adc elementor-invisible elementor-widget elementor-widget-heading\" data-id=\"58c8adc\" data-element_type=\"widget\" data-settings=\"{&quot;_animation&quot;:&quot;fadeIn&quot;}\" data-widget_type=\"heading.default\">\n\t\t\t\t<div class=\"elementor-widget-container\">\n\t\t\t\t\t<h2 class=\"elementor-heading-title elementor-size-default\">Y\u00fcksek Beyazl\u0131k<\/h2>\t\t\t\t<\/div>\n\t\t\t\t<\/div>\n\t\t\t\t<div class=\"elementor-element elementor-element-b18ca81 elementor-widget elementor-widget-image\" data-id=\"b18ca81\" data-element_type=\"widget\" data-widget_type=\"image.default\">\n\t\t\t\t<div class=\"elementor-widget-container\">\n\t\t\t\t\t\t\t\t\t\t\t\t\t\t\t<img decoding=\"async\" src=\"https:\/\/derelimaden.com\/wp-content\/uploads\/elementor\/thumbs\/dolomit-r08p8lgg3khap35x3yfktfolo1ef25y9e28w6gwl8o.jpeg\" title=\"dolomit\" alt=\"dolomit\" loading=\"lazy\" \/>\t\t\t\t\t\t\t\t\t\t\t\t\t\t\t<\/div>\n\t\t\t\t<\/div>\n\t\t\t\t<\/div>\n\t\t\t\t\t<\/div>\n\t\t\t\t<\/div>\n\t\t<div class=\"elementor-element elementor-element-3fe430e e-flex e-con-boxed e-con e-parent\" data-id=\"3fe430e\" data-element_type=\"container\">\n\t\t\t\t\t<div class=\"e-con-inner\">\n\t\t\t\t<div class=\"elementor-element elementor-element-1b6d70a elementor-widget elementor-widget-text-editor\" data-id=\"1b6d70a\" data-element_type=\"widget\" data-widget_type=\"text-editor.default\">\n\t\t\t\t<div class=\"elementor-widget-container\">\n\t\t\t\t\t\t\t\t\t<p>Marmara Adas\u0131<\/p>\t\t\t\t\t\t\t\t<\/div>\n\t\t\t\t<\/div>\n\t\t\t\t<div class=\"elementor-element elementor-element-4b9405e elementor-invisible elementor-widget elementor-widget-heading\" data-id=\"4b9405e\" data-element_type=\"widget\" data-settings=\"{&quot;_animation&quot;:&quot;fadeIn&quot;}\" data-widget_type=\"heading.default\">\n\t\t\t\t<div class=\"elementor-widget-container\">\n\t\t\t\t\t<h2 class=\"elementor-heading-title elementor-size-default\">Lokasyon &amp; Liman<\/h2>\t\t\t\t<\/div>\n\t\t\t\t<\/div>\n\t\t<div class=\"elementor-element elementor-element-5f109f8 e-con-full e-flex e-con e-child\" data-id=\"5f109f8\" data-element_type=\"container\">\n\t\t<div class=\"elementor-element elementor-element-68802de e-con-full e-flex e-con e-child\" data-id=\"68802de\" data-element_type=\"container\">\n\t\t<div class=\"elementor-element elementor-element-533e116 e-con-full e-flex e-con e-child\" data-id=\"533e116\" data-element_type=\"container\">\n\t\t<div class=\"elementor-element elementor-element-dbdb36b e-con-full e-flex e-con e-child\" data-id=\"dbdb36b\" data-element_type=\"container\">\n\t\t\t\t<div class=\"elementor-element elementor-element-36cd072 elementor-widget elementor-widget-heading\" data-id=\"36cd072\" data-element_type=\"widget\" data-widget_type=\"heading.default\">\n\t\t\t\t<div class=\"elementor-widget-container\">\n\t\t\t\t\t<h2 class=\"elementor-heading-title elementor-size-default\">Marmara Adas\u0131<\/h2>\t\t\t\t<\/div>\n\t\t\t\t<\/div>\n\t\t\t\t<div class=\"elementor-element elementor-element-f34ec9c elementor-widget elementor-widget-text-editor\" data-id=\"f34ec9c\" data-element_type=\"widget\" data-widget_type=\"text-editor.default\">\n\t\t\t\t<div class=\"elementor-widget-container\">\n\t\t\t\t\t\t\t\t\t<p>Marmara Adas\u0131 T\u00fcrkiye\u2019nin kuzey-bat\u0131s\u0131nda Marmara Denizi\u2019nin ortas\u0131nda yer al\u0131r<\/p>\t\t\t\t\t\t\t\t<\/div>\n\t\t\t\t<\/div>\n\t\t\t\t<\/div>\n\t\t<div class=\"elementor-element elementor-element-1208955 e-con-full e-flex e-con e-child\" data-id=\"1208955\" data-element_type=\"container\">\n\t\t\t\t<div class=\"elementor-element elementor-element-f80ec0f elementor-widget elementor-widget-heading\" data-id=\"f80ec0f\" data-element_type=\"widget\" data-widget_type=\"heading.default\">\n\t\t\t\t<div class=\"elementor-widget-container\">\n\t\t\t\t\t<h2 class=\"elementor-heading-title elementor-size-default\">Saraylar Liman\u0131<\/h2>\t\t\t\t<\/div>\n\t\t\t\t<\/div>\n\t\t\t\t<div class=\"elementor-element elementor-element-36c30f5 elementor-widget elementor-widget-text-editor\" data-id=\"36c30f5\" data-element_type=\"widget\" data-widget_type=\"text-editor.default\">\n\t\t\t\t<div class=\"elementor-widget-container\">\n\t\t\t\t\t\t\t\t\t<p>Ocak Uzakl\u0131\u011f\u0131: 4.5 km<br \/>Manevra Alan Uzunlu\u011fu: 122 m<br \/>\u00c7ekim: max 15 m , min. 11 m\nY\u00fckleme Kapasitesi: 5.000 ton\/day\n17.500 ton kapasiteli gemilere kadar servis verebilir<\/p>\t\t\t\t\t\t\t\t<\/div>\n\t\t\t\t<\/div>\n\t\t\t\t<\/div>\n\t\t\t\t<\/div>\n\t\t\t\t<\/div>\n\t\t\t\t<\/div>\n\t\t\t\t\t<\/div>\n\t\t\t\t<\/div>\n\t\t<div class=\"elementor-element elementor-element-da19db5 e-flex e-con-boxed e-con e-parent\" data-id=\"da19db5\" data-element_type=\"container\">\n\t\t\t\t\t<div class=\"e-con-inner\">\n\t\t\t\t<div class=\"elementor-element elementor-element-d583eda elementor-widget elementor-widget-image\" data-id=\"d583eda\" data-element_type=\"widget\" data-widget_type=\"image.default\">\n\t\t\t\t<div class=\"elementor-widget-container\">\n\t\t\t\t\t\t\t\t\t\t\t\t\t\t\t\t<a href=\"https:\/\/g.co\/kgs\/kZ6T9uB\" target=\"_blank\">\n\t\t\t\t\t\t\t<img fetchpriority=\"high\" decoding=\"async\" width=\"800\" height=\"470\" src=\"https:\/\/derelimaden.com\/wp-content\/uploads\/2025\/01\/location-map-1024x601.jpg\" class=\"elementor-animation-grow attachment-large size-large wp-image-191\" alt=\"\" srcset=\"https:\/\/derelimaden.com\/wp-content\/uploads\/2025\/01\/location-map-1024x601.jpg 1024w, https:\/\/derelimaden.com\/wp-content\/uploads\/2025\/01\/location-map-300x176.jpg 300w, https:\/\/derelimaden.com\/wp-content\/uploads\/2025\/01\/location-map-768x451.jpg 768w, https:\/\/derelimaden.com\/wp-content\/uploads\/2025\/01\/location-map.jpg 1505w\" sizes=\"(max-width: 800px) 100vw, 800px\" \/>\t\t\t\t\t\t\t\t<\/a>\n\t\t\t\t\t\t\t\t\t\t\t\t\t\t\t<\/div>\n\t\t\t\t<\/div>\n\t\t\t\t\t<\/div>\n\t\t\t\t<\/div>\n\t\t<div class=\"elementor-element elementor-element-033d9da e-flex e-con-boxed e-con e-parent\" data-id=\"033d9da\" data-element_type=\"container\" data-settings=\"{&quot;background_background&quot;:&quot;classic&quot;}\">\n\t\t\t\t\t<div class=\"e-con-inner\">\n\t\t<div class=\"elementor-element elementor-element-10dd0d8 e-con-full e-flex e-con e-child\" data-id=\"10dd0d8\" data-element_type=\"container\">\n\t\t\t\t<div class=\"elementor-element elementor-element-53dbd21 elementor-widget elementor-widget-heading\" data-id=\"53dbd21\" data-element_type=\"widget\" data-widget_type=\"heading.default\">\n\t\t\t\t<div class=\"elementor-widget-container\">\n\t\t\t\t\t<h2 class=\"elementor-heading-title elementor-size-default\">Ofis<\/h2>\t\t\t\t<\/div>\n\t\t\t\t<\/div>\n\t\t\t\t<div class=\"elementor-element elementor-element-03c4dca elementor-widget elementor-widget-text-editor\" data-id=\"03c4dca\" data-element_type=\"widget\" data-widget_type=\"text-editor.default\">\n\t\t\t\t<div class=\"elementor-widget-container\">\n\t\t\t\t\t\t\t\t\t<div class=\"page\" title=\"Page 1\"><div class=\"section\"><div class=\"layoutArea\"><div class=\"column\"><p>Dereli Mermer Granit Maden San. ve Tic. A.S\u0327.<\/p><p>Nisbetiye Mah. Gazi Gu\u0308c\u0327nar Sk. Uygur is\u0327 Merkezi No:4 D:1\/9, 34340<br \/>Bes\u0327iktas\u0327, I\u0307stanbul \/ Tu\u0308rkiye<\/p><\/div><\/div><div class=\"layoutArea\"><div class=\"column\"><p>+90 212 337 87 51<\/p><\/div><\/div><\/div><\/div>\t\t\t\t\t\t\t\t<\/div>\n\t\t\t\t<\/div>\n\t\t\t\t<\/div>\n\t\t<div class=\"elementor-element elementor-element-a77ec43 e-con-full e-flex e-con e-child\" data-id=\"a77ec43\" data-element_type=\"container\">\n\t\t\t\t<div class=\"elementor-element elementor-element-fde41c9 elementor-widget elementor-widget-heading\" data-id=\"fde41c9\" data-element_type=\"widget\" data-widget_type=\"heading.default\">\n\t\t\t\t<div class=\"elementor-widget-container\">\n\t\t\t\t\t<h2 class=\"elementor-heading-title elementor-size-default\">Ocak - Fabrika<\/h2>\t\t\t\t<\/div>\n\t\t\t\t<\/div>\n\t\t\t\t<div class=\"elementor-element elementor-element-3ba5b76 elementor-widget elementor-widget-text-editor\" data-id=\"3ba5b76\" data-element_type=\"widget\" data-widget_type=\"text-editor.default\">\n\t\t\t\t<div class=\"elementor-widget-container\">\n\t\t\t\t\t\t\t\t\t<div class=\"page\" title=\"Page 1\"><div class=\"section\"><p>Dereli Mermer Granit Maden San. ve Tic. A.S\u0327.<\/p><p>Saraylar, 10365 Marmara, Bal\u0131kesir \/ Tu\u0308rkiye<\/p><p><span style=\"text-decoration: underline; color: #000000;\"><a style=\"color: #000000; text-decoration: underline;\" href=\"https:\/\/g.co\/kgs\/kZ6T9uB\" target=\"_blank\" rel=\"noopener\" data-wplink-edit=\"true\">Google Maps<\/a><\/span><\/p><\/div><\/div>\t\t\t\t\t\t\t\t<\/div>\n\t\t\t\t<\/div>\n\t\t\t\t<\/div>\n\t\t\t\t\t<\/div>\n\t\t\t\t<\/div>\n\t\t\t\t<\/div>","protected":false},"excerpt":{"rendered":"<p>CaMg(CO\u2083)\u2082 &#8211; Dolomite Download analysis 12-16 mm 20-70 mm High whiteness Marmara island Location &amp; Port Marmara Island Marmara Island is located north-west of Turkey, in the middle of Sea of Marmara Saraylar Port 4,5 km away from quarryBerth lenght: 122 mDraught: max. 15 m, min. 11 m Loading capacity: 5.000 ton\/day Can service up [&hellip;]<\/p>","protected":false},"author":1,"featured_media":0,"parent":0,"menu_order":0,"comment_status":"closed","ping_status":"closed","template":"elementor_header_footer","meta":{"footnotes":""},"class_list":["post-216","page","type-page","status-publish","hentry"],"aioseo_notices":[],"_links":{"self":[{"href":"https:\/\/derelimaden.com\/tr\/wp-json\/wp\/v2\/pages\/216","targetHints":{"allow":["GET"]}}],"collection":[{"href":"https:\/\/derelimaden.com\/tr\/wp-json\/wp\/v2\/pages"}],"about":[{"href":"https:\/\/derelimaden.com\/tr\/wp-json\/wp\/v2\/types\/page"}],"author":[{"embeddable":true,"href":"https:\/\/derelimaden.com\/tr\/wp-json\/wp\/v2\/users\/1"}],"replies":[{"embeddable":true,"href":"https:\/\/derelimaden.com\/tr\/wp-json\/wp\/v2\/comments?post=216"}],"version-history":[{"count":22,"href":"https:\/\/derelimaden.com\/tr\/wp-json\/wp\/v2\/pages\/216\/revisions"}],"predecessor-version":[{"id":342,"href":"https:\/\/derelimaden.com\/tr\/wp-json\/wp\/v2\/pages\/216\/revisions\/342"}],"wp:attachment":[{"href":"https:\/\/derelimaden.com\/tr\/wp-json\/wp\/v2\/media?parent=216"}],"curies":[{"name":"wp","href":"https:\/\/api.w.org\/{rel}","templated":true}]}}